{"id":44,"date":"2016-11-30T20:35:09","date_gmt":"2016-11-30T19:35:09","guid":{"rendered":"https:\/\/textraplus.eu\/leistungen\/"},"modified":"2019-11-01T10:19:39","modified_gmt":"2019-11-01T09:19:39","slug":"servizi","status":"publish","type":"page","link":"https:\/\/textraplus.eu\/it\/servizi\/","title":{"rendered":"Servizi"},"content":{"rendered":"[vc_row type=&#8221;full_width_background&#8221; full_screen_row_position=&#8221;middle&#8221; scene_position=&#8221;center&#8221; text_color=&#8221;custom&#8221; custom_text_color=&#8221;#a0a0a0&#8243; text_align=&#8221;left&#8221; top_padding=&#8221;30&#8243; bottom_padding=&#8221;20&#8243; enable_gradient=&#8221;true&#8221; gradient_direction=&#8221;left_to_right&#8221; overlay_strength=&#8221;0.3&#8243; shape_divider_position=&#8221;bottom&#8221; bg_image_animation=&#8221;none&#8221;][vc_column column_padding=&#8221;no-extra-padding&#8221; column_padding_position=&#8221;left-right&#8221; background_color_opacity=&#8221;1&#8243; background_hover_color_opacity=&#8221;1&#8243; column_link_target=&#8221;_self&#8221; column_shadow=&#8221;none&#8221; column_border_radius=&#8221;none&#8221; top_margin=&#8221;30&#8243; bottom_margin=&#8221;60&#8243; width=&#8221;2\/3&#8243; tablet_width_inherit=&#8221;default&#8221; tablet_text_alignment=&#8221;default&#8221; phone_text_alignment=&#8221;default&#8221; column_border_width=&#8221;none&#8221; column_border_style=&#8221;solid&#8221; bg_image_animation=&#8221;none&#8221;][vc_column_text]\n<h1 style=\"text-align: left;\">A casa nostra in ogni lingua del mondo.<\/h1>\n<p style=\"text-align: left;\">La traduzione come la viviamo noi \u00e8 ben pi\u00f9 di un semplice trasportare le parole da una lingua a un\u2019altra. \u00c8 portare a destinazione un messaggio carico di nessi logici, concetti ed emozioni in sintonia fra di loro.<\/p>\n[\/vc_column_text][\/vc_column][vc_column column_padding=&#8221;padding-2-percent&#8221; column_padding_position=&#8221;all&#8221; background_color_opacity=&#8221;1&#8243; background_hover_color_opacity=&#8221;1&#8243; column_link_target=&#8221;_self&#8221; column_shadow=&#8221;none&#8221; column_border_radius=&#8221;none&#8221; boxed=&#8221;true&#8221; width=&#8221;1\/3&#8243; tablet_width_inherit=&#8221;default&#8221; tablet_text_alignment=&#8221;default&#8221; phone_text_alignment=&#8221;default&#8221; column_border_width=&#8221;none&#8221; column_border_style=&#8221;solid&#8221; bg_image_animation=&#8221;none&#8221;][vc_column_text css=&#8221;.vc_custom_1571916056218{border-radius: 1px !important;}&#8221;]\n<ul>\n<li>Traduzioni professionali e linguisticamente sempre efficaci<\/li>\n<li>Revisioni per garantire leggibilit\u00e0, coerenza, qualit\u00e0, sintassi e stile<\/li>\n<li>Correzioni di ortografia e grammatica<\/li>\n<li>Redazione giornalistica dei testi<\/li>\n<li>Sottotitolaggi in formato SRT<\/li>\n<li>Post-editing di machine translation<\/li>\n<\/ul>\n[\/vc_column_text][\/vc_column][\/vc_row][vc_row type=&#8221;full_width_background&#8221; full_screen_row_position=&#8221;middle&#8221; scene_position=&#8221;center&#8221; text_color=&#8221;custom&#8221; custom_text_color=&#8221;#a0a0a0&#8243; text_align=&#8221;left&#8221; bottom_padding=&#8221;30&#8243; enable_gradient=&#8221;true&#8221; gradient_direction=&#8221;left_to_right&#8221; overlay_strength=&#8221;0.3&#8243; shape_divider_position=&#8221;bottom&#8221; bg_image_animation=&#8221;none&#8221;][vc_column column_padding=&#8221;padding-2-percent&#8221; column_padding_position=&#8221;all&#8221; background_color_opacity=&#8221;1&#8243; background_hover_color_opacity=&#8221;1&#8243; column_link_target=&#8221;_self&#8221; column_shadow=&#8221;none&#8221; column_border_radius=&#8221;none&#8221; boxed=&#8221;true&#8221; width=&#8221;1\/3&#8243; tablet_width_inherit=&#8221;default&#8221; tablet_text_alignment=&#8221;default&#8221; phone_text_alignment=&#8221;default&#8221; column_border_width=&#8221;none&#8221; column_border_style=&#8221;solid&#8221; bg_image_animation=&#8221;none&#8221;][vc_column_text]\n<h2>Il layout fa testo.<\/h2>\n<p style=\"text-align: justify;\">Non c\u2019\u00e8 testo senza layout. Una legge che vale prima e dopo la traduzione. Noi la rispettiamo in tutti i formati. Anche per le homepage. Per un risultato che soddisfa sotto ogni punto di vista.<\/p>\n[\/vc_column_text]<div class=\"divider-wrap\" data-alignment=\"default\"><div style=\"height: 26px;\" class=\"divider\"><\/div><\/div>[\/vc_column][vc_column column_padding=&#8221;padding-2-percent&#8221; column_padding_position=&#8221;all&#8221; background_color_opacity=&#8221;1&#8243; background_hover_color_opacity=&#8221;1&#8243; column_link_target=&#8221;_self&#8221; column_shadow=&#8221;none&#8221; column_border_radius=&#8221;none&#8221; boxed=&#8221;true&#8221; width=&#8221;1\/3&#8243; tablet_width_inherit=&#8221;default&#8221; tablet_text_alignment=&#8221;default&#8221; phone_text_alignment=&#8221;default&#8221; column_border_width=&#8221;none&#8221; column_border_style=&#8221;solid&#8221; bg_image_animation=&#8221;none&#8221;][vc_column_text]\n<h2>Lo stile fa il resto.<\/h2>\n<p>Eleganza, funzionalit\u00e0, efficacia. La revisione \u00e8 un discorso serio che punta al nocciolo del messaggio per metterne in luce tutto il valore, con la necessaria sensibilit\u00e0 per lo stile e la buona leggibilit\u00e0.[\/vc_column_text]<div class=\"divider-wrap\" data-alignment=\"default\"><div style=\"height: 26px;\" class=\"divider\"><\/div><\/div>[\/vc_column][vc_column column_padding=&#8221;padding-2-percent&#8221; column_padding_position=&#8221;all&#8221; background_color_opacity=&#8221;1&#8243; background_hover_color_opacity=&#8221;1&#8243; column_link_target=&#8221;_self&#8221; column_shadow=&#8221;none&#8221; column_border_radius=&#8221;none&#8221; boxed=&#8221;true&#8221; width=&#8221;1\/3&#8243; tablet_width_inherit=&#8221;default&#8221; tablet_text_alignment=&#8221;default&#8221; phone_text_alignment=&#8221;default&#8221; column_border_width=&#8221;none&#8221; column_border_style=&#8221;solid&#8221; bg_image_animation=&#8221;none&#8221;][vc_column_text]\n<h2>Valore al lavoro.<\/h2>\n<p style=\"text-align: justify;\">Qualit\u00e0 Svizzera e cooperazioni internazionali. Il multilinguismo elvetico ed europeo impongono la necessit\u00e0 di tradurre. La scelta di farlo con professionalit\u00e0 \u00e8 del committente. Del nostro pool fanno parte solo traduttrici e traduttori qualificati ed esperti.<\/p>\n[\/vc_column_text][\/vc_column][\/vc_row][vc_row type=&#8221;full_width_background&#8221; full_screen_row_position=&#8221;middle&#8221; equal_height=&#8221;yes&#8221; content_placement=&#8221;middle&#8221; bg_image=&#8221;342&#8243; bg_position=&#8221;left top&#8221; bg_repeat=&#8221;no-repeat&#8221; scene_position=&#8221;center&#8221; text_color=&#8221;light&#8221; text_align=&#8221;left&#8221; overlay_strength=&#8221;0.3&#8243; shape_divider_position=&#8221;bottom&#8221; bg_image_animation=&#8221;none&#8221;][vc_column centered_text=&#8221;true&#8221; column_padding=&#8221;padding-2-percent&#8221; column_padding_position=&#8221;all&#8221; background_color_opacity=&#8221;1&#8243; background_hover_color_opacity=&#8221;1&#8243; column_link_target=&#8221;_self&#8221; column_shadow=&#8221;none&#8221; column_border_radius=&#8221;none&#8221; top_margin=&#8221;40&#8243; width=&#8221;2\/3&#8243; tablet_width_inherit=&#8221;default&#8221; tablet_text_alignment=&#8221;default&#8221; phone_text_alignment=&#8221;default&#8221; column_border_width=&#8221;none&#8221; column_border_style=&#8221;solid&#8221; bg_image_animation=&#8221;none&#8221;][vc_column_text]\n<h1 style=\"text-align: center;\">Ogni parola in buone mani.<\/h1>\n[\/vc_column_text]<div class=\"divider-wrap\" data-alignment=\"default\"><div style=\"height: 20px;\" class=\"divider\"><\/div><\/div>[vc_column_text]\n<h2 style=\"text-align: center;\">Le lingue sono la nostra passione.<br \/>\nL\u2019efficienza la nostra seconda natura.<\/h2>\n[\/vc_column_text][\/vc_column][vc_column column_padding=&#8221;padding-3-percent&#8221; column_padding_position=&#8221;all&#8221; background_color=&#8221;#ffffff&#8221; background_color_opacity=&#8221;0.7&#8243; background_hover_color_opacity=&#8221;0.7&#8243; font_color=&#8221;#5b5b5b&#8221; column_link_target=&#8221;_self&#8221; column_shadow=&#8221;none&#8221; column_border_radius=&#8221;none&#8221; width=&#8221;1\/3&#8243; tablet_width_inherit=&#8221;default&#8221; tablet_text_alignment=&#8221;default&#8221; phone_text_alignment=&#8221;default&#8221; column_border_width=&#8221;none&#8221; column_border_style=&#8221;solid&#8221; bg_image_animation=&#8221;none&#8221;][vc_column_text]\n<h2><span style=\"color: #333333;\">Lavoriamo a regola d\u2019arte.<\/span><\/h2>\n<p><span style=\"color: #333333;\">Ma lo specifichiamo.<\/p>\n<p><span style=\"color: #333333;\">TEXTRAPLUS<\/span><\/p>\n<ul>\n<li><span style=\"color: #333333;\">lavora con la versione corrente di SDL Trados<\/span><\/li>\n<li><span style=\"color: #333333;\">traduce e revisiona direttamente nei vostri formati<\/span><\/li>\n<li><span style=\"color: #333333;\">archivia i testi e la terminologia con programmi dedicati<\/span><\/li>\n<li><span style=\"color: #333333;\">offre MyTEXTRAPLUS per l\u2019invio dei file comodo e sicuro<\/span><\/li>\n<li><span style=\"color: #333333;\">lavora in svariati formati, come html, xlf, idml, srt\u2026<\/span><\/li>\n<\/ul>\n[\/vc_column_text][\/vc_column][\/vc_row][vc_row type=&#8221;in_container&#8221; full_screen_row_position=&#8221;middle&#8221; scene_position=&#8221;center&#8221; text_color=&#8221;custom&#8221; custom_text_color=&#8221;#a0a0a0&#8243; text_align=&#8221;left&#8221; top_padding=&#8221;20&#8243; enable_gradient=&#8221;true&#8221; gradient_direction=&#8221;left_to_right&#8221; overlay_strength=&#8221;0.3&#8243; shape_divider_position=&#8221;bottom&#8221; bg_image_animation=&#8221;none&#8221;][vc_column column_padding=&#8221;no-extra-padding&#8221; column_padding_position=&#8221;left-right&#8221; background_color_opacity=&#8221;1&#8243; background_hover_color_opacity=&#8221;1&#8243; column_link_target=&#8221;_self&#8221; column_shadow=&#8221;none&#8221; column_border_radius=&#8221;none&#8221; top_margin=&#8221;30&#8243; bottom_margin=&#8221;60&#8243; width=&#8221;2\/3&#8243; tablet_width_inherit=&#8221;default&#8221; tablet_text_alignment=&#8221;default&#8221; phone_text_alignment=&#8221;default&#8221; column_border_width=&#8221;none&#8221; column_border_style=&#8221;solid&#8221; bg_image_animation=&#8221;none&#8221;][vc_column_text]\n<h2 style=\"text-align: right;\">Qualit\u00e0 Svizzera e cooperazioni internazionali.<\/h2>\n[\/vc_column_text][\/vc_column][vc_column column_padding=&#8221;padding-6-percent&#8221; column_padding_position=&#8221;left-right&#8221; background_color_opacity=&#8221;1&#8243; background_hover_color_opacity=&#8221;1&#8243; column_link_target=&#8221;_self&#8221; column_shadow=&#8221;none&#8221; column_border_radius=&#8221;none&#8221; width=&#8221;1\/3&#8243; tablet_width_inherit=&#8221;default&#8221; tablet_text_alignment=&#8221;default&#8221; phone_text_alignment=&#8221;default&#8221; column_border_width=&#8221;none&#8221; column_border_style=&#8221;solid&#8221; bg_image_animation=&#8221;none&#8221;][\/vc_column][\/vc_row][vc_row type=&#8221;full_width_content&#8221; full_screen_row_position=&#8221;middle&#8221; vertically_center_columns=&#8221;true&#8221; bg_color=&#8221;#d2e0e2&#8243; scene_position=&#8221;center&#8221; text_color=&#8221;dark&#8221; text_align=&#8221;left&#8221; top_padding=&#8221;20&#8243; overlay_strength=&#8221;0.3&#8243; shape_divider_position=&#8221;bottom&#8221; bg_image_animation=&#8221;none&#8221;][vc_column column_padding=&#8221;padding-2-percent&#8221; column_padding_position=&#8221;all&#8221; background_color_opacity=&#8221;1&#8243; background_hover_color_opacity=&#8221;1&#8243; column_link_target=&#8221;_self&#8221; column_shadow=&#8221;none&#8221; column_border_radius=&#8221;none&#8221; width=&#8221;2\/3&#8243; tablet_width_inherit=&#8221;default&#8221; tablet_text_alignment=&#8221;default&#8221; phone_text_alignment=&#8221;default&#8221; column_border_width=&#8221;none&#8221; column_border_style=&#8221;solid&#8221; bg_image_animation=&#8221;none&#8221;][vc_column_text]\n<h2 style=\"text-align: right;\">Siamo qui per voi: +41 55 444 98 88<\/h2>\n[\/vc_column_text][\/vc_column][vc_column column_padding=&#8221;no-extra-padding&#8221; column_padding_position=&#8221;all&#8221; background_color_opacity=&#8221;1&#8243; background_hover_color_opacity=&#8221;1&#8243; column_link_target=&#8221;_self&#8221; column_shadow=&#8221;none&#8221; column_border_radius=&#8221;none&#8221; width=&#8221;1\/3&#8243; tablet_width_inherit=&#8221;default&#8221; tablet_text_alignment=&#8221;default&#8221; phone_text_alignment=&#8221;default&#8221; column_border_width=&#8221;none&#8221; column_border_style=&#8221;solid&#8221; bg_image_animation=&#8221;none&#8221;][nectar_btn size=&#8221;medium&#8221; button_style=&#8221;regular&#8221; button_color_2=&#8221;Accent-Color&#8221; icon_family=&#8221;none&#8221; url=&#8221;mailto:project@textraplus.ch&#8221; text=&#8221;oppure e-mail&#8221;][\/vc_column][\/vc_row]\n","protected":false},"excerpt":{"rendered":"<p>[vc_row type=&#8221;full_width_background&#8221; full_screen_row_position=&#8221;middle&#8221; scene_position=&#8221;center&#8221; text_color=&#8221;custom&#8221; custom_text_color=&#8221;#a0a0a0&#8243; text_align=&#8221;left&#8221; top_padding=&#8221;30&#8243; bottom_padding=&#8221;20&#8243; enable_gradient=&#8221;true&#8221; gradient_direction=&#8221;left_to_right&#8221; overlay_strength=&#8221;0.3&#8243; shape_divider_position=&#8221;bottom&#8221; bg_image_animation=&#8221;none&#8221;][vc_column column_padding=&#8221;no-extra-padding&#8221; column_padding_position=&#8221;left-right&#8221; background_color_opacity=&#8221;1&#8243; background_hover_color_opacity=&#8221;1&#8243; column_link_target=&#8221;_self&#8221; column_shadow=&#8221;none&#8221; column_border_radius=&#8221;none&#8221; top_margin=&#8221;30&#8243; bottom_margin=&#8221;60&#8243; width=&#8221;2\/3&#8243; tablet_width_inherit=&#8221;default&#8221; tablet_text_alignment=&#8221;default&#8221; phone_text_alignment=&#8221;default&#8221; column_border_width=&#8221;none&#8221; column_border_style=&#8221;solid&#8221; bg_image_animation=&#8221;none&#8221;][vc_column_text]&#8230;<\/p>\n","protected":false},"author":6,"featured_media":0,"parent":0,"menu_order":0,"comment_status":"closed","ping_status":"closed","template":"","meta":{"footnotes":""},"class_list":["post-44","page","type-page","status-publish"],"yoast_head":"<!-- This site is optimized with the Yoast SEO plugin v24.3 - https:\/\/yoast.com\/wordpress\/plugins\/seo\/ -->\n<title>Servizi - TEXTRAPLUS AG \u00dcbersetzungen Translations Schweiz<\/title>\n<meta name=\"robots\" content=\"index, follow, max-snippet:-1, max-image-preview:large, max-video-preview:-1\" \/>\n<link rel=\"canonical\" href=\"https:\/\/textraplus.eu\/it\/servizi\/\" \/>\n<meta property=\"og:locale\" content=\"it_IT\" \/>\n<meta property=\"og:type\" content=\"article\" \/>\n<meta property=\"og:title\" content=\"Servizi - TEXTRAPLUS AG \u00dcbersetzungen Translations Schweiz\" \/>\n<meta property=\"og:description\" content=\"[vc_row type=&#8221;full_width_background&#8221; full_screen_row_position=&#8221;middle&#8221; scene_position=&#8221;center&#8221; text_color=&#8221;custom&#8221; custom_text_color=&#8221;#a0a0a0&#8243; text_align=&#8221;left&#8221; top_padding=&#8221;30&#8243; bottom_padding=&#8221;20&#8243; enable_gradient=&#8221;true&#8221; gradient_direction=&#8221;left_to_right&#8221; overlay_strength=&#8221;0.3&#8243; shape_divider_position=&#8221;bottom&#8221; bg_image_animation=&#8221;none&#8221;][vc_column column_padding=&#8221;no-extra-padding&#8221; column_padding_position=&#8221;left-right&#8221; background_color_opacity=&#8221;1&#8243; background_hover_color_opacity=&#8221;1&#8243; column_link_target=&#8221;_self&#8221; column_shadow=&#8221;none&#8221; column_border_radius=&#8221;none&#8221; top_margin=&#8221;30&#8243; bottom_margin=&#8221;60&#8243; width=&#8221;2\/3&#8243; tablet_width_inherit=&#8221;default&#8221; tablet_text_alignment=&#8221;default&#8221; phone_text_alignment=&#8221;default&#8221; column_border_width=&#8221;none&#8221; column_border_style=&#8221;solid&#8221; bg_image_animation=&#8221;none&#8221;][vc_column_text]...\" \/>\n<meta property=\"og:url\" content=\"https:\/\/textraplus.eu\/it\/servizi\/\" \/>\n<meta property=\"og:site_name\" content=\"TEXTRAPLUS AG \u00dcbersetzungen Translations Schweiz\" \/>\n<meta property=\"article:modified_time\" content=\"2019-11-01T09:19:39+00:00\" \/>\n<meta name=\"twitter:card\" content=\"summary_large_image\" \/>\n<meta name=\"twitter:label1\" content=\"Tempo di lettura stimato\" \/>\n\t<meta name=\"twitter:data1\" content=\"6 minuti\" \/>\n<script type=\"application\/ld+json\" class=\"yoast-schema-graph\">{\"@context\":\"https:\/\/schema.org\",\"@graph\":[{\"@type\":\"WebPage\",\"@id\":\"https:\/\/textraplus.eu\/it\/servizi\/\",\"url\":\"https:\/\/textraplus.eu\/it\/servizi\/\",\"name\":\"Servizi - TEXTRAPLUS AG \u00dcbersetzungen Translations Schweiz\",\"isPartOf\":{\"@id\":\"https:\/\/textraplus.eu\/#website\"},\"datePublished\":\"2016-11-30T19:35:09+00:00\",\"dateModified\":\"2019-11-01T09:19:39+00:00\",\"breadcrumb\":{\"@id\":\"https:\/\/textraplus.eu\/it\/servizi\/#breadcrumb\"},\"inLanguage\":\"it-IT\",\"potentialAction\":[{\"@type\":\"ReadAction\",\"target\":[\"https:\/\/textraplus.eu\/it\/servizi\/\"]}]},{\"@type\":\"BreadcrumbList\",\"@id\":\"https:\/\/textraplus.eu\/it\/servizi\/#breadcrumb\",\"itemListElement\":[{\"@type\":\"ListItem\",\"position\":1,\"name\":\"Startseite\",\"item\":\"https:\/\/textraplus.eu\/it\/\"},{\"@type\":\"ListItem\",\"position\":2,\"name\":\"Servizi\"}]},{\"@type\":\"WebSite\",\"@id\":\"https:\/\/textraplus.eu\/#website\",\"url\":\"https:\/\/textraplus.eu\/\",\"name\":\"TEXTRAPLUS AG \u00dcbersetzungen Translations Schweiz\",\"description\":\"\u00dcbersetzungsb\u00fcro f\u00fcr Wirtschaft und Marketing\",\"potentialAction\":[{\"@type\":\"SearchAction\",\"target\":{\"@type\":\"EntryPoint\",\"urlTemplate\":\"https:\/\/textraplus.eu\/?s={search_term_string}\"},\"query-input\":{\"@type\":\"PropertyValueSpecification\",\"valueRequired\":true,\"valueName\":\"search_term_string\"}}],\"inLanguage\":\"it-IT\"}]}<\/script>\n<!-- \/ Yoast SEO plugin. -->","yoast_head_json":{"title":"Servizi - TEXTRAPLUS AG \u00dcbersetzungen Translations Schweiz","robots":{"index":"index","follow":"follow","max-snippet":"max-snippet:-1","max-image-preview":"max-image-preview:large","max-video-preview":"max-video-preview:-1"},"canonical":"https:\/\/textraplus.eu\/it\/servizi\/","og_locale":"it_IT","og_type":"article","og_title":"Servizi - TEXTRAPLUS AG \u00dcbersetzungen Translations Schweiz","og_description":"[vc_row type=&#8221;full_width_background&#8221; full_screen_row_position=&#8221;middle&#8221; scene_position=&#8221;center&#8221; text_color=&#8221;custom&#8221; custom_text_color=&#8221;#a0a0a0&#8243; text_align=&#8221;left&#8221; top_padding=&#8221;30&#8243; bottom_padding=&#8221;20&#8243; enable_gradient=&#8221;true&#8221; gradient_direction=&#8221;left_to_right&#8221; overlay_strength=&#8221;0.3&#8243; shape_divider_position=&#8221;bottom&#8221; bg_image_animation=&#8221;none&#8221;][vc_column column_padding=&#8221;no-extra-padding&#8221; column_padding_position=&#8221;left-right&#8221; background_color_opacity=&#8221;1&#8243; background_hover_color_opacity=&#8221;1&#8243; column_link_target=&#8221;_self&#8221; column_shadow=&#8221;none&#8221; column_border_radius=&#8221;none&#8221; top_margin=&#8221;30&#8243; bottom_margin=&#8221;60&#8243; width=&#8221;2\/3&#8243; tablet_width_inherit=&#8221;default&#8221; tablet_text_alignment=&#8221;default&#8221; phone_text_alignment=&#8221;default&#8221; column_border_width=&#8221;none&#8221; column_border_style=&#8221;solid&#8221; bg_image_animation=&#8221;none&#8221;][vc_column_text]...","og_url":"https:\/\/textraplus.eu\/it\/servizi\/","og_site_name":"TEXTRAPLUS AG \u00dcbersetzungen Translations Schweiz","article_modified_time":"2019-11-01T09:19:39+00:00","twitter_card":"summary_large_image","twitter_misc":{"Tempo di lettura stimato":"6 minuti"},"schema":{"@context":"https:\/\/schema.org","@graph":[{"@type":"WebPage","@id":"https:\/\/textraplus.eu\/it\/servizi\/","url":"https:\/\/textraplus.eu\/it\/servizi\/","name":"Servizi - TEXTRAPLUS AG \u00dcbersetzungen Translations Schweiz","isPartOf":{"@id":"https:\/\/textraplus.eu\/#website"},"datePublished":"2016-11-30T19:35:09+00:00","dateModified":"2019-11-01T09:19:39+00:00","breadcrumb":{"@id":"https:\/\/textraplus.eu\/it\/servizi\/#breadcrumb"},"inLanguage":"it-IT","potentialAction":[{"@type":"ReadAction","target":["https:\/\/textraplus.eu\/it\/servizi\/"]}]},{"@type":"BreadcrumbList","@id":"https:\/\/textraplus.eu\/it\/servizi\/#breadcrumb","itemListElement":[{"@type":"ListItem","position":1,"name":"Startseite","item":"https:\/\/textraplus.eu\/it\/"},{"@type":"ListItem","position":2,"name":"Servizi"}]},{"@type":"WebSite","@id":"https:\/\/textraplus.eu\/#website","url":"https:\/\/textraplus.eu\/","name":"TEXTRAPLUS AG \u00dcbersetzungen Translations Schweiz","description":"\u00dcbersetzungsb\u00fcro f\u00fcr Wirtschaft und Marketing","potentialAction":[{"@type":"SearchAction","target":{"@type":"EntryPoint","urlTemplate":"https:\/\/textraplus.eu\/?s={search_term_string}"},"query-input":{"@type":"PropertyValueSpecification","valueRequired":true,"valueName":"search_term_string"}}],"inLanguage":"it-IT"}]}},"_links":{"self":[{"href":"https:\/\/textraplus.eu\/it\/wp-json\/wp\/v2\/pages\/44\/"}],"collection":[{"href":"https:\/\/textraplus.eu\/it\/wp-json\/wp\/v2\/pages\/"}],"about":[{"href":"https:\/\/textraplus.eu\/it\/wp-json\/wp\/v2\/types\/page\/"}],"author":[{"embeddable":true,"href":"https:\/\/textraplus.eu\/it\/wp-json\/wp\/v2\/users\/6\/"}],"replies":[{"embeddable":true,"href":"https:\/\/textraplus.eu\/it\/wp-json\/wp\/v2\/comments\/?post=44"}],"version-history":[{"count":9,"href":"https:\/\/textraplus.eu\/it\/wp-json\/wp\/v2\/pages\/44\/revisions\/"}],"predecessor-version":[{"id":808,"href":"https:\/\/textraplus.eu\/it\/wp-json\/wp\/v2\/pages\/44\/revisions\/808\/"}],"wp:attachment":[{"href":"https:\/\/textraplus.eu\/it\/wp-json\/wp\/v2\/media\/?parent=44"}],"curies":[{"name":"wp","href":"https:\/\/api.w.org\/{rel}","templated":true}]}}