{"id":1038,"date":"2023-08-31T15:59:50","date_gmt":"2023-08-31T13:59:50","guid":{"rendered":"https:\/\/textraplus.eu\/datenschutz\/"},"modified":"2023-09-11T15:29:06","modified_gmt":"2023-09-11T13:29:06","slug":"datenschutz","status":"publish","type":"page","link":"https:\/\/textraplus.eu\/fr\/datenschutz\/","title":{"rendered":"D\u00e9claration de protection des donn\u00e9es"},"content":{"rendered":"[vc_row type=\u00a0\u00bbin_container\u00a0\u00bb full_screen_row_position=\u00a0\u00bbmiddle\u00a0\u00bb scene_position=\u00a0\u00bbcenter\u00a0\u00bb text_color=\u00a0\u00bbdark\u00a0\u00bb text_align=\u00a0\u00bbleft\u00a0\u00bb overlay_strength=\u00a0\u00bb0.3&Prime; shape_divider_position=\u00a0\u00bbbottom\u00a0\u00bb bg_image_animation=\u00a0\u00bbnone\u00a0\u00bb][vc_column column_padding=\u00a0\u00bbno-extra-padding\u00a0\u00bb column_padding_position=\u00a0\u00bball\u00a0\u00bb background_color_opacity=\u00a0\u00bb1&Prime; background_hover_color_opacity=\u00a0\u00bb1&Prime; column_link_target=\u00a0\u00bb_self\u00a0\u00bb column_shadow=\u00a0\u00bbnone\u00a0\u00bb column_border_radius=\u00a0\u00bbnone\u00a0\u00bb width=\u00a0\u00bb1\/1&Prime; tablet_width_inherit=\u00a0\u00bbdefault\u00a0\u00bb tablet_text_alignment=\u00a0\u00bbdefault\u00a0\u00bb phone_text_alignment=\u00a0\u00bbdefault\u00a0\u00bb column_border_width=\u00a0\u00bbnone\u00a0\u00bb column_border_style=\u00a0\u00bbsolid\u00a0\u00bb bg_image_animation=\u00a0\u00bbnone\u00a0\u00bb][vc_column_text]<strong>Qui sommes-nous?<\/strong><\/p>\n<p>Ce site web est propos\u00e9 par TEXTRAPLUS\u00a0AG. Par la pr\u00e9sente d\u00e9claration de protection des donn\u00e9es, nous vous informons sur le traitement des donn\u00e9es personnelles en lien avec notre offre de prestations.<\/p>\n<p>Notre offre est soumise au droit suisse de la protection des donn\u00e9es ainsi que tous les droits \u00e9trangers de la protection des donn\u00e9es \u00e9ventuellement applicables, p. ex. celui de l\u2019Union Europ\u00e9enne (UE) avec le R\u00e8glement g\u00e9n\u00e9ral sur la protection des donn\u00e9es (RGPD). L\u2019UE reconna\u00eet que le droit suisse de la protection des donn\u00e9es garantit une protection des donn\u00e9es appropri\u00e9e.<\/p>\n<p>&nbsp;<\/p>\n<p><strong>Traitement des donn\u00e9es personnelles<\/strong><\/p>\n<p>Les donn\u00e9es personnelles sont toutes les indications qui concernent une personne identifi\u00e9e ou identifiable. Une personne concern\u00e9e est une personne dont les donn\u00e9es personnelles sont trait\u00e9es. Le traitement concerne tous les usages faits des donn\u00e9es personnelles, ind\u00e9pendamment des moyens et processus employ\u00e9s, en particulier la conservation, la communication, l\u2019obtention, l\u2019effacement, l\u2019enregistrement, la modification, la destruction et l\u2019utilisation de donn\u00e9es personnelles.<\/p>\n<p>Nous traitons les donn\u00e9es personnelles n\u00e9cessaires pour proposer notre offre de mani\u00e8re efficace et intuitive, durable, s\u00e9curis\u00e9e et fiable. En principe, nous traitons les donn\u00e9es personnelles seulement apr\u00e8s que la personne concern\u00e9e a donn\u00e9 son consentement, \u00e0 moins que le traitement ne soit autoris\u00e9 pour d\u2019autres raisons, par exemple pour remplir un contrat avec les personnes concern\u00e9es et pour appliquer des mesures pr\u00e9contractuelles correspondantes, pour garantir notre int\u00e9r\u00eat l\u00e9gitime pr\u00e9pond\u00e9rant, parce que le traitement est d\u00e9duisible des circonstances ou que des informations pr\u00e9alables sont disponibles. Dans ce cadre, nous traitons particuli\u00e8rement les indications qui ont \u00e9t\u00e9 transmises par la personne concern\u00e9e elle-m\u00eame (par exemple par courrier, e-mail, formulaire de contact, t\u00e9l\u00e9phone) lors de la prise de contact.<\/p>\n<p>Nous traitons les donn\u00e9es personnelles pour la dur\u00e9e n\u00e9cessaire au but ou buts recherch\u00e9s. En ce qui concerne les obligations l\u00e9gales de conservation de longue dur\u00e9e, r\u00e9gl\u00e9es par des obligations l\u00e9gales et autres auxquelles nous sommes soumis, nous limitons le traitement en cons\u00e9quence.<\/p>\n<p>&nbsp;<\/p>\n<p><strong>Bases juridiques pour le traitement des donn\u00e9es personnelles<\/strong><\/p>\n<p>Nous traitons les donn\u00e9es personnelles en accord avec le droit suisse de la protection des donn\u00e9es et en particulier la Loi sur la protection des donn\u00e9es (LPD).<\/p>\n<p>Nous traitons les donn\u00e9es personnelles \u2013 dans la mesure o\u00f9 le RGPD est applicable \u2013 selon les bases juridiques suivantes:<\/p>\n<ul>\n<li>6 al\u00a01\u00a0let.\u00a0a RGPD pour le traitement des donn\u00e9es personnelles avec consentement des personnes concern\u00e9es.<\/li>\n<li>Art\u00a06 al\u00a01\u00a0lit\u00a0b\u00a0RGPD pour le traitement n\u00e9cessaire des donn\u00e9es personnelles \u00e0 l\u2019ex\u00e9cution d\u2019un contrat avec la personne concern\u00e9e ainsi que pour l\u2019ex\u00e9cution de mesures pr\u00e9contractuelles.<\/li>\n<li>Art\u00a06 al\u00a01\u00a0lit\u00a0c\u00a0RGPD pour le traitement n\u00e9cessaire des donn\u00e9es personnelles dans le but de remplir une obligation l\u00e9gale \u00e0 laquelle nous sommes soumis selon le droit \u00e9ventuellement applicable de l\u2019UE ou selon le droit \u00e9ventuellement applicable d\u2019un pays dans lequel le RGPD est applicable en tout ou partie.<\/li>\n<li>Art\u00a06 al\u00a01\u00a0lit\u00a0d\u00a0RGPD pour le traitement n\u00e9cessaire des donn\u00e9es personnelles pour la sauvegarde des int\u00e9r\u00eats vitaux de la personne concern\u00e9e ou d\u2019une autre personne physique.<\/li>\n<li>Art\u00a06 al\u00a01\u00a0lit\u00a0f\u00a0RGPD pour le traitement n\u00e9cessaire des donn\u00e9es personnelles en vue de garantir nos int\u00e9r\u00eats l\u00e9gitimes ou ceux de tiers, dans la mesure o\u00f9 les libert\u00e9s et les droits fondamentaux, ainsi que les int\u00e9r\u00eats de la personne concern\u00e9e ne pr\u00e9valent pas. Les int\u00e9r\u00eats l\u00e9gitimes se rapportent \u00e0 notre int\u00e9r\u00eat \u00e9conomique de pouvoir proposer une offre de prestations et la promouvoir, garantir la s\u00e9curit\u00e9 de l\u2019information ainsi que la protection contre l\u2019abus et l\u2019utilisation non-autoris\u00e9e, le respect de nos propres droits l\u00e9gaux et le respect du droit suisse.<\/li>\n<\/ul>\n<p>&nbsp;<\/p>\n<p><strong>Cookies, fichiers journaux<\/strong><\/p>\n<p>Chacune des visites sur notre site fait l\u2019objet d\u2019une saisie des donn\u00e9es suivantes, dans la mesure o\u00f9 celles-ci ont \u00e9t\u00e9 transmises par votre navigateur \u00e0 notre infrastructure serveur, et d\u2019un enregistrement de ces donn\u00e9es dans des fichiers journaux:<\/p>\n<ul>\n<li>Date et heure, fuseau horaire incl.<\/li>\n<li>Adresse IP<\/li>\n<li>Statut d\u2019acc\u00e8s (code de statut HTTP)<\/li>\n<li>Syst\u00e8me d\u2019exploitation y compris interface utilisateur et version<\/li>\n<li>Navigateur y compris langue et version<\/li>\n<li>Chacune des pages ouvertes et volume des donn\u00e9es transmises<\/li>\n<li>Dernier site web visit\u00e9<\/li>\n<\/ul>\n<p>Certaines de ces donn\u00e9es peuvent \u00eatre des donn\u00e9es personnelles. Les donn\u00e9es sont n\u00e9cessaires pour pouvoir proposer notre offre de prestations de mani\u00e8re durable, s\u00e9curis\u00e9e et fiable ainsi que pour pouvoir garantir la s\u00e9curit\u00e9 des donn\u00e9es et par l\u00e0 particuli\u00e8rement la s\u00e9curit\u00e9 des donn\u00e9es personnelles \u2013 aussi via des tiers ou avec l\u2019aide de tiers.<\/p>\n<p>Nous utilisons des cookies sur notre site web. Les cookies que nous utilisons \u2013 et ceux de tiers dont nous utilisons les services (Third-Party Cookies) sont des fichiers textes enregistr\u00e9s dans votre navigateur. Les cookies peuvent \u00eatre enregistr\u00e9s dans votre navigateur lors de la visite de notre site web. Les cookies permettent particuli\u00e8rement \u00e0 notre site web de reconna\u00eetre votre navigateur lors de la prochaine visite. Les cookies ne peuvent pas ex\u00e9cuter de programmes ou bien \u00eatre porteurs de logiciels malveillants comme des chevaux de Troie ou des virus. Les cookies sont n\u00e9cessaires pour rendre notre offre, y compris notre site web, efficace et simple \u00e0 utiliser ainsi que durable, s\u00e9curis\u00e9 et fiable, particuli\u00e8rement \u00e0 travers l\u2019analyse de l\u2019utilisation en vue de corriger les erreurs et apporter des am\u00e9liorations.<\/p>\n<p>Vous pouvez \u00e0 tout moment, dans les param\u00e8tres de votre navigateur, d\u00e9sactiver les cookies partiellement ou totalement, ou bien les supprimer. Sans les cookies, notre offre ne sera \u00e9ventuellement que partiellement disponible.<\/p>\n<p>&nbsp;<\/p>\n<p><strong>Droits des personnes concern\u00e9es<\/strong><\/p>\n<p>Les droits des personnes concern\u00e9es dont nous traitons les donn\u00e9es personnelles reposent sur le droit suisse de la protection des donn\u00e9es. En font partie le droit \u00e0 l\u2019information ainsi que le droit de rectification, d\u2019effacement ou de verrouillage des donn\u00e9es personnelles trait\u00e9es.<\/p>\n<p>Les personnes concern\u00e9es dont nous traitons les donn\u00e9es, dans la mesure o\u00f9 le RGPD est applicable, peuvent \u00eatre pr\u00e9venues gratuitement si nous traitons leurs donn\u00e9es personnelles et, si nous les traitons, obtenir des informations sur le traitement de leurs donn\u00e9es personnelles, limiter le traitement de leurs donn\u00e9es personnelles, faire usage de leur droit de portabilit\u00e9 des donn\u00e9es ainsi que faire corriger, effacer (\u00abdroit \u00e0 l\u2019oubli\u00bb) ou verrouiller leurs donn\u00e9es personnelles.<\/p>\n<p>Les personnes concern\u00e9es dont nous traitons les donn\u00e9es personnelles dans la mesure o\u00f9 le RGPD est applicable, peuvent retirer leur consentement \u00e0 tout moment et s\u2019opposer \u00e0 tout moment au traitement de leurs donn\u00e9es personnelles.<\/p>\n<p>Les personnes concern\u00e9es dont nous traitons les donn\u00e9es personnelles disposent d\u2019un droit de recours aupr\u00e8s de l\u2019autorit\u00e9 de surveillance comp\u00e9tente. L\u2019autorit\u00e9 de surveillance pour la protection des donn\u00e9es en Suisse est le Pr\u00e9pos\u00e9 f\u00e9d\u00e9ral \u00e0 la protection des donn\u00e9es et \u00e0 la transparence (PFPDT).<\/p>\n<p>Nous garantissons volontairement aux personnes concern\u00e9es en Suisse les droits \u00e9voqu\u00e9s plus haut dont disposent les personnes concern\u00e9es selon le RGPD.<\/p>\n<p>&nbsp;<\/p>\n<p><strong>Adresse de contact:<\/strong><\/p>\n<p>Les questions des autorit\u00e9s de contr\u00f4le et des personnes concern\u00e9es nous parviennent en g\u00e9n\u00e9ral par e-mail mais peuvent \u00eatre \u00e9galement transmises par voie postale:<\/p>\n<p><strong>TEXTRAPLUS AG<\/strong><br \/>\nChurerstrasse\u00a016<br \/>\n8808 Pf\u00e4ffikon SZ<\/p>\n<p>E-mail: info@textraplus.ch<\/p>\n<p>Site web: textraplus.ch<\/p>\n<p>&nbsp;<\/p>\n<p><strong>Modifications<\/strong><\/p>\n<p>Nous pouvons modifier la pr\u00e9sente d\u00e9claration de confidentialit\u00e9 \u00e0 tout moment, sans pr\u00e9avis. La version actuelle publi\u00e9e sur notre site web s\u2019applique.<\/p>\n<p>&nbsp;<\/p>\n<p><strong>Vos questions au pr\u00e9pos\u00e9 \u00e0 la protection des donn\u00e9es<\/strong><\/p>\n<p>Si vous avez des questions concernant la protection des donn\u00e9es, veuillez nous \u00e9crire un e-mail.[\/vc_column_text][\/vc_column][\/vc_row]\n","protected":false},"excerpt":{"rendered":"<p>[vc_row type=\u00a0\u00bbin_container\u00a0\u00bb full_screen_row_position=\u00a0\u00bbmiddle\u00a0\u00bb scene_position=\u00a0\u00bbcenter\u00a0\u00bb text_color=\u00a0\u00bbdark\u00a0\u00bb text_align=\u00a0\u00bbleft\u00a0\u00bb overlay_strength=\u00a0\u00bb0.3&Prime; shape_divider_position=\u00a0\u00bbbottom\u00a0\u00bb bg_image_animation=\u00a0\u00bbnone\u00a0\u00bb][vc_column column_padding=\u00a0\u00bbno-extra-padding\u00a0\u00bb column_padding_position=\u00a0\u00bball\u00a0\u00bb background_color_opacity=\u00a0\u00bb1&Prime; background_hover_color_opacity=\u00a0\u00bb1&Prime; column_link_target=\u00a0\u00bb_self\u00a0\u00bb column_shadow=\u00a0\u00bbnone\u00a0\u00bb column_border_radius=\u00a0\u00bbnone\u00a0\u00bb width=\u00a0\u00bb1\/1&Prime; tablet_width_inherit=\u00a0\u00bbdefault\u00a0\u00bb tablet_text_alignment=\u00a0\u00bbdefault\u00a0\u00bb phone_text_alignment=\u00a0\u00bbdefault\u00a0\u00bb column_border_width=\u00a0\u00bbnone\u00a0\u00bb column_border_style=\u00a0\u00bbsolid\u00a0\u00bb bg_image_animation=\u00a0\u00bbnone\u00a0\u00bb][vc_column_text]Qui sommes-nous? Ce site web est propos\u00e9 par&#8230;<\/p>\n","protected":false},"author":6,"featured_media":0,"parent":0,"menu_order":0,"comment_status":"closed","ping_status":"closed","template":"","meta":{"footnotes":""},"class_list":["post-1038","page","type-page","status-publish"],"yoast_head":"<!-- This site is optimized with the Yoast SEO plugin v24.3 - https:\/\/yoast.com\/wordpress\/plugins\/seo\/ -->\n<title>D\u00e9claration de protection des donn\u00e9es - TEXTRAPLUS AG \u00dcbersetzungen Translations Schweiz<\/title>\n<meta name=\"robots\" content=\"index, follow, max-snippet:-1, max-image-preview:large, max-video-preview:-1\" \/>\n<link rel=\"canonical\" href=\"https:\/\/textraplus.eu\/fr\/datenschutz\/\" \/>\n<meta property=\"og:locale\" content=\"fr_FR\" \/>\n<meta property=\"og:type\" content=\"article\" \/>\n<meta property=\"og:title\" content=\"D\u00e9claration de protection des donn\u00e9es - TEXTRAPLUS AG \u00dcbersetzungen Translations Schweiz\" \/>\n<meta property=\"og:description\" content=\"[vc_row type=\u00a0\u00bbin_container\u00a0\u00bb full_screen_row_position=\u00a0\u00bbmiddle\u00a0\u00bb scene_position=\u00a0\u00bbcenter\u00a0\u00bb text_color=\u00a0\u00bbdark\u00a0\u00bb text_align=\u00a0\u00bbleft\u00a0\u00bb overlay_strength=\u00a0\u00bb0.3&Prime; shape_divider_position=\u00a0\u00bbbottom\u00a0\u00bb bg_image_animation=\u00a0\u00bbnone\u00a0\u00bb][vc_column column_padding=\u00a0\u00bbno-extra-padding\u00a0\u00bb column_padding_position=\u00a0\u00bball\u00a0\u00bb background_color_opacity=\u00a0\u00bb1&Prime; background_hover_color_opacity=\u00a0\u00bb1&Prime; column_link_target=\u00a0\u00bb_self\u00a0\u00bb column_shadow=\u00a0\u00bbnone\u00a0\u00bb column_border_radius=\u00a0\u00bbnone\u00a0\u00bb width=\u00a0\u00bb1\/1&Prime; tablet_width_inherit=\u00a0\u00bbdefault\u00a0\u00bb tablet_text_alignment=\u00a0\u00bbdefault\u00a0\u00bb phone_text_alignment=\u00a0\u00bbdefault\u00a0\u00bb column_border_width=\u00a0\u00bbnone\u00a0\u00bb column_border_style=\u00a0\u00bbsolid\u00a0\u00bb bg_image_animation=\u00a0\u00bbnone\u00a0\u00bb][vc_column_text]Qui sommes-nous? Ce site web est propos\u00e9 par...\" \/>\n<meta property=\"og:url\" content=\"https:\/\/textraplus.eu\/fr\/datenschutz\/\" \/>\n<meta property=\"og:site_name\" content=\"TEXTRAPLUS AG \u00dcbersetzungen Translations Schweiz\" \/>\n<meta property=\"article:modified_time\" content=\"2023-09-11T13:29:06+00:00\" \/>\n<meta name=\"twitter:card\" content=\"summary_large_image\" \/>\n<meta name=\"twitter:label1\" content=\"Dur\u00e9e de lecture estim\u00e9e\" \/>\n\t<meta name=\"twitter:data1\" content=\"7 minutes\" \/>\n<script type=\"application\/ld+json\" class=\"yoast-schema-graph\">{\"@context\":\"https:\/\/schema.org\",\"@graph\":[{\"@type\":\"WebPage\",\"@id\":\"https:\/\/textraplus.eu\/fr\/datenschutz\/\",\"url\":\"https:\/\/textraplus.eu\/fr\/datenschutz\/\",\"name\":\"D\u00e9claration de protection des donn\u00e9es - TEXTRAPLUS AG \u00dcbersetzungen Translations Schweiz\",\"isPartOf\":{\"@id\":\"https:\/\/textraplus.eu\/#website\"},\"datePublished\":\"2023-08-31T13:59:50+00:00\",\"dateModified\":\"2023-09-11T13:29:06+00:00\",\"breadcrumb\":{\"@id\":\"https:\/\/textraplus.eu\/fr\/datenschutz\/#breadcrumb\"},\"inLanguage\":\"fr-FR\",\"potentialAction\":[{\"@type\":\"ReadAction\",\"target\":[\"https:\/\/textraplus.eu\/fr\/datenschutz\/\"]}]},{\"@type\":\"BreadcrumbList\",\"@id\":\"https:\/\/textraplus.eu\/fr\/datenschutz\/#breadcrumb\",\"itemListElement\":[{\"@type\":\"ListItem\",\"position\":1,\"name\":\"Startseite\",\"item\":\"https:\/\/textraplus.eu\/fr\/\"},{\"@type\":\"ListItem\",\"position\":2,\"name\":\"D\u00e9claration de protection des donn\u00e9es\"}]},{\"@type\":\"WebSite\",\"@id\":\"https:\/\/textraplus.eu\/#website\",\"url\":\"https:\/\/textraplus.eu\/\",\"name\":\"TEXTRAPLUS AG \u00dcbersetzungen Translations Schweiz\",\"description\":\"\u00dcbersetzungsb\u00fcro f\u00fcr Wirtschaft und Marketing\",\"potentialAction\":[{\"@type\":\"SearchAction\",\"target\":{\"@type\":\"EntryPoint\",\"urlTemplate\":\"https:\/\/textraplus.eu\/?s={search_term_string}\"},\"query-input\":{\"@type\":\"PropertyValueSpecification\",\"valueRequired\":true,\"valueName\":\"search_term_string\"}}],\"inLanguage\":\"fr-FR\"}]}<\/script>\n<!-- \/ Yoast SEO plugin. -->","yoast_head_json":{"title":"D\u00e9claration de protection des donn\u00e9es - TEXTRAPLUS AG \u00dcbersetzungen Translations Schweiz","robots":{"index":"index","follow":"follow","max-snippet":"max-snippet:-1","max-image-preview":"max-image-preview:large","max-video-preview":"max-video-preview:-1"},"canonical":"https:\/\/textraplus.eu\/fr\/datenschutz\/","og_locale":"fr_FR","og_type":"article","og_title":"D\u00e9claration de protection des donn\u00e9es - TEXTRAPLUS AG \u00dcbersetzungen Translations Schweiz","og_description":"[vc_row type=\u00a0\u00bbin_container\u00a0\u00bb full_screen_row_position=\u00a0\u00bbmiddle\u00a0\u00bb scene_position=\u00a0\u00bbcenter\u00a0\u00bb text_color=\u00a0\u00bbdark\u00a0\u00bb text_align=\u00a0\u00bbleft\u00a0\u00bb overlay_strength=\u00a0\u00bb0.3&Prime; shape_divider_position=\u00a0\u00bbbottom\u00a0\u00bb bg_image_animation=\u00a0\u00bbnone\u00a0\u00bb][vc_column column_padding=\u00a0\u00bbno-extra-padding\u00a0\u00bb column_padding_position=\u00a0\u00bball\u00a0\u00bb background_color_opacity=\u00a0\u00bb1&Prime; background_hover_color_opacity=\u00a0\u00bb1&Prime; column_link_target=\u00a0\u00bb_self\u00a0\u00bb column_shadow=\u00a0\u00bbnone\u00a0\u00bb column_border_radius=\u00a0\u00bbnone\u00a0\u00bb width=\u00a0\u00bb1\/1&Prime; tablet_width_inherit=\u00a0\u00bbdefault\u00a0\u00bb tablet_text_alignment=\u00a0\u00bbdefault\u00a0\u00bb phone_text_alignment=\u00a0\u00bbdefault\u00a0\u00bb column_border_width=\u00a0\u00bbnone\u00a0\u00bb column_border_style=\u00a0\u00bbsolid\u00a0\u00bb bg_image_animation=\u00a0\u00bbnone\u00a0\u00bb][vc_column_text]Qui sommes-nous? Ce site web est propos\u00e9 par...","og_url":"https:\/\/textraplus.eu\/fr\/datenschutz\/","og_site_name":"TEXTRAPLUS AG \u00dcbersetzungen Translations Schweiz","article_modified_time":"2023-09-11T13:29:06+00:00","twitter_card":"summary_large_image","twitter_misc":{"Dur\u00e9e de lecture estim\u00e9e":"7 minutes"},"schema":{"@context":"https:\/\/schema.org","@graph":[{"@type":"WebPage","@id":"https:\/\/textraplus.eu\/fr\/datenschutz\/","url":"https:\/\/textraplus.eu\/fr\/datenschutz\/","name":"D\u00e9claration de protection des donn\u00e9es - TEXTRAPLUS AG \u00dcbersetzungen Translations Schweiz","isPartOf":{"@id":"https:\/\/textraplus.eu\/#website"},"datePublished":"2023-08-31T13:59:50+00:00","dateModified":"2023-09-11T13:29:06+00:00","breadcrumb":{"@id":"https:\/\/textraplus.eu\/fr\/datenschutz\/#breadcrumb"},"inLanguage":"fr-FR","potentialAction":[{"@type":"ReadAction","target":["https:\/\/textraplus.eu\/fr\/datenschutz\/"]}]},{"@type":"BreadcrumbList","@id":"https:\/\/textraplus.eu\/fr\/datenschutz\/#breadcrumb","itemListElement":[{"@type":"ListItem","position":1,"name":"Startseite","item":"https:\/\/textraplus.eu\/fr\/"},{"@type":"ListItem","position":2,"name":"D\u00e9claration de protection des donn\u00e9es"}]},{"@type":"WebSite","@id":"https:\/\/textraplus.eu\/#website","url":"https:\/\/textraplus.eu\/","name":"TEXTRAPLUS AG \u00dcbersetzungen Translations Schweiz","description":"\u00dcbersetzungsb\u00fcro f\u00fcr Wirtschaft und Marketing","potentialAction":[{"@type":"SearchAction","target":{"@type":"EntryPoint","urlTemplate":"https:\/\/textraplus.eu\/?s={search_term_string}"},"query-input":{"@type":"PropertyValueSpecification","valueRequired":true,"valueName":"search_term_string"}}],"inLanguage":"fr-FR"}]}},"_links":{"self":[{"href":"https:\/\/textraplus.eu\/fr\/wp-json\/wp\/v2\/pages\/1038\/"}],"collection":[{"href":"https:\/\/textraplus.eu\/fr\/wp-json\/wp\/v2\/pages\/"}],"about":[{"href":"https:\/\/textraplus.eu\/fr\/wp-json\/wp\/v2\/types\/page\/"}],"author":[{"embeddable":true,"href":"https:\/\/textraplus.eu\/fr\/wp-json\/wp\/v2\/users\/6\/"}],"replies":[{"embeddable":true,"href":"https:\/\/textraplus.eu\/fr\/wp-json\/wp\/v2\/comments\/?post=1038"}],"version-history":[{"count":3,"href":"https:\/\/textraplus.eu\/fr\/wp-json\/wp\/v2\/pages\/1038\/revisions\/"}],"predecessor-version":[{"id":1048,"href":"https:\/\/textraplus.eu\/fr\/wp-json\/wp\/v2\/pages\/1038\/revisions\/1048\/"}],"wp:attachment":[{"href":"https:\/\/textraplus.eu\/fr\/wp-json\/wp\/v2\/media\/?parent=1038"}],"curies":[{"name":"wp","href":"https:\/\/api.w.org\/{rel}","templated":true}]}}