{"id":134,"date":"2016-11-30T21:46:42","date_gmt":"2016-11-30T20:46:42","guid":{"rendered":"https:\/\/textraplus.eu\/kontakt\/"},"modified":"2019-10-24T11:43:37","modified_gmt":"2019-10-24T09:43:37","slug":"contact","status":"publish","type":"page","link":"https:\/\/textraplus.eu\/en\/contact\/","title":{"rendered":"Contact"},"content":{"rendered":"[vc_row type=&#8221;full_width_content&#8221; full_screen_row_position=&#8221;middle&#8221; scene_position=&#8221;center&#8221; text_color=&#8221;dark&#8221; text_align=&#8221;left&#8221; overlay_strength=&#8221;0.3&#8243; shape_divider_position=&#8221;bottom&#8221; bg_image_animation=&#8221;none&#8221;][vc_column column_padding=&#8221;no-extra-padding&#8221; column_padding_position=&#8221;all&#8221; background_color_opacity=&#8221;1&#8243; background_hover_color_opacity=&#8221;1&#8243; column_link_target=&#8221;_self&#8221; column_shadow=&#8221;none&#8221; column_border_radius=&#8221;none&#8221; width=&#8221;2\/3&#8243; tablet_width_inherit=&#8221;default&#8221; tablet_text_alignment=&#8221;default&#8221; phone_text_alignment=&#8221;default&#8221; column_border_width=&#8221;none&#8221; column_border_style=&#8221;solid&#8221; bg_image_animation=&#8221;none&#8221;]<div class=\"img-with-aniamtion-wrap \" data-max-width=\"100%\" data-border-radius=\"none\"><div class=\"inner\"><img loading=\"lazy\" decoding=\"async\" data-shadow=\"none\" data-shadow-direction=\"middle\" class=\"img-with-animation skip-lazy \" data-delay=\"0\" height=\"1200\" width=\"1200\"  data-animation=\"fade-in\" src=\"https:\/\/textraplus.eu\/wp-content\/uploads\/2016\/11\/FIN_contact2_2018.jpg\" srcset=\"https:\/\/textraplus.eu\/wp-content\/uploads\/2016\/11\/FIN_contact2_2018.jpg 1200w, https:\/\/textraplus.eu\/wp-content\/uploads\/2016\/11\/FIN_contact2_2018-150x150.jpg 150w, https:\/\/textraplus.eu\/wp-content\/uploads\/2016\/11\/FIN_contact2_2018-300x300.jpg 300w, https:\/\/textraplus.eu\/wp-content\/uploads\/2016\/11\/FIN_contact2_2018-768x768.jpg 768w, https:\/\/textraplus.eu\/wp-content\/uploads\/2016\/11\/FIN_contact2_2018-1024x1024.jpg 1024w, https:\/\/textraplus.eu\/wp-content\/uploads\/2016\/11\/FIN_contact2_2018-50x50.jpg 50w, https:\/\/textraplus.eu\/wp-content\/uploads\/2016\/11\/FIN_contact2_2018-100x100.jpg 100w, https:\/\/textraplus.eu\/wp-content\/uploads\/2016\/11\/FIN_contact2_2018-500x500.jpg 500w, https:\/\/textraplus.eu\/wp-content\/uploads\/2016\/11\/FIN_contact2_2018-1000x1000.jpg 1000w\" sizes=\"auto, 100vw\" alt=\"\" \/><\/div><\/div>[\/vc_column][vc_column column_padding=&#8221;padding-1-percent&#8221; column_padding_position=&#8221;top-right&#8221; background_color_opacity=&#8221;1&#8243; background_hover_color_opacity=&#8221;1&#8243; column_link_target=&#8221;_self&#8221; column_shadow=&#8221;none&#8221; column_border_radius=&#8221;none&#8221; width=&#8221;1\/3&#8243; tablet_width_inherit=&#8221;default&#8221; tablet_text_alignment=&#8221;default&#8221; phone_text_alignment=&#8221;default&#8221; column_border_width=&#8221;none&#8221; column_border_style=&#8221;solid&#8221; bg_image_animation=&#8221;none&#8221;]<div class=\"divider-wrap\" data-alignment=\"default\"><div style=\"height: 40px;\" class=\"divider\"><\/div><\/div>[vc_column_text]\n<h4 style=\"text-align: center;\">Your partner for professional translations.<\/h4>\n[\/vc_column_text]<div class=\"divider-wrap\" data-alignment=\"default\"><div style=\"height: 40px;\" class=\"divider\"><\/div><\/div>[vc_column_text css=&#8221;.vc_custom_1480538879253{padding-right: 20px !important;padding-left: 20px !important;}&#8221;]\n<h4 style=\"text-align: center;\"><strong>TEXTRAPLUS AG<\/strong><br \/>\nChurerstrasse 16<br \/>\nCH-8808 Pf\u00e4ffikon SZ<\/h4>\n[\/vc_column_text]<div class=\"divider-wrap\" data-alignment=\"default\"><div style=\"height: 40px;\" class=\"divider\"><\/div><\/div>[vc_column_text]\n<h2 style=\"text-align: center;\">Would you like to know more?<\/h2>\n<p style=\"text-align: center;\">Call us on:<\/p>\n<h2 style=\"text-align: center;\"><div class=\"nectar_icon_wrap\"><span class=\"svg-icon-holder\" data-size=\"40\" data-animation-speed=\"150\" data-animation=\"true\" data-animation-delay=\"400\" data-color=\"accent-color\"><span><!-- Generator: Adobe Illustrator 16.0.0, SVG Export Plug-In . SVG Version: 6.00 Build 0)  -->\n<svg version=\"1.1\"  xmlns=\"http:\/\/www.w3.org\/2000\/svg\" xmlns:xlink=\"http:\/\/www.w3.org\/1999\/xlink\" x=\"0px\" y=\"0px\"\n\t width=\"64px\" height=\"64px\" viewBox=\"0 0 64 64\" enable-background=\"new 0 0 64 64\" xml:space=\"preserve\">\n<path fill=\"none\" stroke=\"#000000\" stroke-width=\"2\" stroke-miterlimit=\"10\" d=\"M11,48C5.477,48,1,43.523,1,38s4.477-10,10-10h2v20\n\tH11z\"\/>\n<path fill=\"none\" stroke=\"#000000\" stroke-width=\"2\" stroke-miterlimit=\"10\" d=\"M53,28c5.523,0,10,4.477,10,10s-4.477,10-10,10h-2\n\tV28H53z\"\/>\n<path fill=\"none\" stroke=\"#000000\" stroke-width=\"2\" stroke-miterlimit=\"10\" d=\"M13,31v-9c0,0,0-16,19-16s19,16,19,16v6\"\/>\n<polyline fill=\"none\" stroke=\"#000000\" stroke-width=\"2\" stroke-miterlimit=\"10\" points=\"51,48 51,53 36,59 28,59 28,55 36,55 \n\t36,58 \"\/>\n<\/svg>\n<\/span><\/span><\/div>\n+41 55 444 98 88<\/h2>\n<p style=\"text-align: center;\">or write to us:<\/p>\n<h2 style=\"text-align: center;\"><div class=\"nectar_icon_wrap\"><span class=\"svg-icon-holder\" data-size=\"40\" data-animation-speed=\"150\" data-animation=\"true\" data-animation-delay=\"400\" data-color=\"accent-color\"><span><!-- Generator: Adobe Illustrator 16.0.0, SVG Export Plug-In . SVG Version: 6.00 Build 0)  -->\n<svg version=\"1.1\"  xmlns=\"http:\/\/www.w3.org\/2000\/svg\" xmlns:xlink=\"http:\/\/www.w3.org\/1999\/xlink\" x=\"0px\" y=\"0px\"\n\t width=\"64px\" height=\"64px\" viewBox=\"0 0 64 64\" enable-background=\"new 0 0 64 64\" xml:space=\"preserve\">\n<g>\n\t<polyline fill=\"none\" stroke=\"#000000\" stroke-width=\"2\" stroke-miterlimit=\"10\" points=\"1,26 32,45.434 63,26 \t\"\/>\n\t<polyline fill=\"none\" stroke=\"#000000\" stroke-width=\"2\" stroke-miterlimit=\"10\" points=\"11.334,21.667 1,26 1,63 63,63 63,26 \n\t\t63,26 52.666,21.667 \t\"\/>\n\t<polyline fill=\"none\" stroke=\"#000000\" stroke-width=\"2\" stroke-miterlimit=\"10\" points=\"11,32 11,1 53,1 53,32 \t\"\/>\n<\/g>\n<\/svg>\n<\/span><\/span><\/div>\n<a href=\"mailto:project@textraplus.ch\">project@textraplus.ch<\/a><\/h2>\n[\/vc_column_text]<div class=\"divider-wrap\" data-alignment=\"default\"><div style=\"height: 40px;\" class=\"divider\"><\/div><\/div><div class=\"img-with-aniamtion-wrap \" data-max-width=\"100%\" data-border-radius=\"none\"><div class=\"inner\"><img loading=\"lazy\" decoding=\"async\" data-shadow=\"none\" data-shadow-direction=\"middle\" class=\"img-with-animation skip-lazy \" data-delay=\"0\" height=\"234\" width=\"800\"  data-animation=\"none\" src=\"https:\/\/textraplus.eu\/wp-content\/uploads\/2016\/11\/logo_T_streifen_e_800.png\" srcset=\"https:\/\/textraplus.eu\/wp-content\/uploads\/2016\/11\/logo_T_streifen_e_800.png 800w, https:\/\/textraplus.eu\/wp-content\/uploads\/2016\/11\/logo_T_streifen_e_800-300x88.png 300w, https:\/\/textraplus.eu\/wp-content\/uploads\/2016\/11\/logo_T_streifen_e_800-768x225.png 768w\" sizes=\"auto, 100vw\" alt=\"\" \/><\/div><\/div>[\/vc_column][\/vc_row]\n","protected":false},"excerpt":{"rendered":"<p>[vc_row type=&#8221;full_width_content&#8221; full_screen_row_position=&#8221;middle&#8221; scene_position=&#8221;center&#8221; text_color=&#8221;dark&#8221; text_align=&#8221;left&#8221; overlay_strength=&#8221;0.3&#8243; shape_divider_position=&#8221;bottom&#8221; bg_image_animation=&#8221;none&#8221;][vc_column column_padding=&#8221;no-extra-padding&#8221; column_padding_position=&#8221;all&#8221; background_color_opacity=&#8221;1&#8243; background_hover_color_opacity=&#8221;1&#8243; column_link_target=&#8221;_self&#8221; column_shadow=&#8221;none&#8221; column_border_radius=&#8221;none&#8221; width=&#8221;2\/3&#8243; tablet_width_inherit=&#8221;default&#8221; tablet_text_alignment=&#8221;default&#8221; phone_text_alignment=&#8221;default&#8221; column_border_width=&#8221;none&#8221; column_border_style=&#8221;solid&#8221; bg_image_animation=&#8221;none&#8221;][\/vc_column][vc_column column_padding=&#8221;padding-1-percent&#8221; column_padding_position=&#8221;top-right&#8221; background_color_opacity=&#8221;1&#8243; background_hover_color_opacity=&#8221;1&#8243; column_link_target=&#8221;_self&#8221; column_shadow=&#8221;none&#8221; column_border_radius=&#8221;none&#8221;&#8230;<\/p>\n","protected":false},"author":6,"featured_media":0,"parent":0,"menu_order":0,"comment_status":"closed","ping_status":"closed","template":"","meta":{"footnotes":""},"class_list":["post-134","page","type-page","status-publish"],"yoast_head":"<!-- This site is optimized with the Yoast SEO plugin v24.3 - https:\/\/yoast.com\/wordpress\/plugins\/seo\/ -->\n<title>Contact - TEXTRAPLUS AG \u00dcbersetzungen Translations Schweiz<\/title>\n<meta name=\"robots\" content=\"index, follow, max-snippet:-1, max-image-preview:large, max-video-preview:-1\" \/>\n<link rel=\"canonical\" href=\"https:\/\/textraplus.eu\/en\/contact\/\" \/>\n<meta property=\"og:locale\" content=\"en_US\" \/>\n<meta property=\"og:type\" content=\"article\" \/>\n<meta property=\"og:title\" content=\"Contact - TEXTRAPLUS AG \u00dcbersetzungen Translations Schweiz\" \/>\n<meta property=\"og:description\" content=\"[vc_row type=&#8221;full_width_content&#8221; full_screen_row_position=&#8221;middle&#8221; scene_position=&#8221;center&#8221; text_color=&#8221;dark&#8221; text_align=&#8221;left&#8221; overlay_strength=&#8221;0.3&#8243; shape_divider_position=&#8221;bottom&#8221; bg_image_animation=&#8221;none&#8221;][vc_column column_padding=&#8221;no-extra-padding&#8221; column_padding_position=&#8221;all&#8221; background_color_opacity=&#8221;1&#8243; background_hover_color_opacity=&#8221;1&#8243; column_link_target=&#8221;_self&#8221; column_shadow=&#8221;none&#8221; column_border_radius=&#8221;none&#8221; width=&#8221;2\/3&#8243; tablet_width_inherit=&#8221;default&#8221; tablet_text_alignment=&#8221;default&#8221; phone_text_alignment=&#8221;default&#8221; column_border_width=&#8221;none&#8221; column_border_style=&#8221;solid&#8221; bg_image_animation=&#8221;none&#8221;][\/vc_column][vc_column column_padding=&#8221;padding-1-percent&#8221; column_padding_position=&#8221;top-right&#8221; background_color_opacity=&#8221;1&#8243; background_hover_color_opacity=&#8221;1&#8243; column_link_target=&#8221;_self&#8221; column_shadow=&#8221;none&#8221; column_border_radius=&#8221;none&#8221;...\" \/>\n<meta property=\"og:url\" content=\"https:\/\/textraplus.eu\/en\/contact\/\" \/>\n<meta property=\"og:site_name\" content=\"TEXTRAPLUS AG \u00dcbersetzungen Translations Schweiz\" \/>\n<meta property=\"article:modified_time\" content=\"2019-10-24T09:43:37+00:00\" \/>\n<meta name=\"twitter:card\" content=\"summary_large_image\" \/>\n<meta name=\"twitter:label1\" content=\"Est. reading time\" \/>\n\t<meta name=\"twitter:data1\" content=\"1 minute\" \/>\n<script type=\"application\/ld+json\" class=\"yoast-schema-graph\">{\"@context\":\"https:\/\/schema.org\",\"@graph\":[{\"@type\":\"WebPage\",\"@id\":\"https:\/\/textraplus.eu\/en\/contact\/\",\"url\":\"https:\/\/textraplus.eu\/en\/contact\/\",\"name\":\"Contact - TEXTRAPLUS AG \u00dcbersetzungen Translations Schweiz\",\"isPartOf\":{\"@id\":\"https:\/\/textraplus.eu\/#website\"},\"datePublished\":\"2016-11-30T20:46:42+00:00\",\"dateModified\":\"2019-10-24T09:43:37+00:00\",\"breadcrumb\":{\"@id\":\"https:\/\/textraplus.eu\/en\/contact\/#breadcrumb\"},\"inLanguage\":\"en-EN\",\"potentialAction\":[{\"@type\":\"ReadAction\",\"target\":[\"https:\/\/textraplus.eu\/en\/contact\/\"]}]},{\"@type\":\"BreadcrumbList\",\"@id\":\"https:\/\/textraplus.eu\/en\/contact\/#breadcrumb\",\"itemListElement\":[{\"@type\":\"ListItem\",\"position\":1,\"name\":\"Startseite\",\"item\":\"https:\/\/textraplus.eu\/en\/\"},{\"@type\":\"ListItem\",\"position\":2,\"name\":\"Contact\"}]},{\"@type\":\"WebSite\",\"@id\":\"https:\/\/textraplus.eu\/#website\",\"url\":\"https:\/\/textraplus.eu\/\",\"name\":\"TEXTRAPLUS AG \u00dcbersetzungen Translations Schweiz\",\"description\":\"\u00dcbersetzungsb\u00fcro f\u00fcr Wirtschaft und Marketing\",\"potentialAction\":[{\"@type\":\"SearchAction\",\"target\":{\"@type\":\"EntryPoint\",\"urlTemplate\":\"https:\/\/textraplus.eu\/?s={search_term_string}\"},\"query-input\":{\"@type\":\"PropertyValueSpecification\",\"valueRequired\":true,\"valueName\":\"search_term_string\"}}],\"inLanguage\":\"en-EN\"}]}<\/script>\n<!-- \/ Yoast SEO plugin. -->","yoast_head_json":{"title":"Contact - TEXTRAPLUS AG \u00dcbersetzungen Translations Schweiz","robots":{"index":"index","follow":"follow","max-snippet":"max-snippet:-1","max-image-preview":"max-image-preview:large","max-video-preview":"max-video-preview:-1"},"canonical":"https:\/\/textraplus.eu\/en\/contact\/","og_locale":"en_US","og_type":"article","og_title":"Contact - TEXTRAPLUS AG \u00dcbersetzungen Translations Schweiz","og_description":"[vc_row type=&#8221;full_width_content&#8221; full_screen_row_position=&#8221;middle&#8221; scene_position=&#8221;center&#8221; text_color=&#8221;dark&#8221; text_align=&#8221;left&#8221; overlay_strength=&#8221;0.3&#8243; shape_divider_position=&#8221;bottom&#8221; bg_image_animation=&#8221;none&#8221;][vc_column column_padding=&#8221;no-extra-padding&#8221; column_padding_position=&#8221;all&#8221; background_color_opacity=&#8221;1&#8243; background_hover_color_opacity=&#8221;1&#8243; column_link_target=&#8221;_self&#8221; column_shadow=&#8221;none&#8221; column_border_radius=&#8221;none&#8221; width=&#8221;2\/3&#8243; tablet_width_inherit=&#8221;default&#8221; tablet_text_alignment=&#8221;default&#8221; phone_text_alignment=&#8221;default&#8221; column_border_width=&#8221;none&#8221; column_border_style=&#8221;solid&#8221; bg_image_animation=&#8221;none&#8221;][\/vc_column][vc_column column_padding=&#8221;padding-1-percent&#8221; column_padding_position=&#8221;top-right&#8221; background_color_opacity=&#8221;1&#8243; background_hover_color_opacity=&#8221;1&#8243; column_link_target=&#8221;_self&#8221; column_shadow=&#8221;none&#8221; column_border_radius=&#8221;none&#8221;...","og_url":"https:\/\/textraplus.eu\/en\/contact\/","og_site_name":"TEXTRAPLUS AG \u00dcbersetzungen Translations Schweiz","article_modified_time":"2019-10-24T09:43:37+00:00","twitter_card":"summary_large_image","twitter_misc":{"Est. reading time":"1 minute"},"schema":{"@context":"https:\/\/schema.org","@graph":[{"@type":"WebPage","@id":"https:\/\/textraplus.eu\/en\/contact\/","url":"https:\/\/textraplus.eu\/en\/contact\/","name":"Contact - TEXTRAPLUS AG \u00dcbersetzungen Translations Schweiz","isPartOf":{"@id":"https:\/\/textraplus.eu\/#website"},"datePublished":"2016-11-30T20:46:42+00:00","dateModified":"2019-10-24T09:43:37+00:00","breadcrumb":{"@id":"https:\/\/textraplus.eu\/en\/contact\/#breadcrumb"},"inLanguage":"en-EN","potentialAction":[{"@type":"ReadAction","target":["https:\/\/textraplus.eu\/en\/contact\/"]}]},{"@type":"BreadcrumbList","@id":"https:\/\/textraplus.eu\/en\/contact\/#breadcrumb","itemListElement":[{"@type":"ListItem","position":1,"name":"Startseite","item":"https:\/\/textraplus.eu\/en\/"},{"@type":"ListItem","position":2,"name":"Contact"}]},{"@type":"WebSite","@id":"https:\/\/textraplus.eu\/#website","url":"https:\/\/textraplus.eu\/","name":"TEXTRAPLUS AG \u00dcbersetzungen Translations Schweiz","description":"\u00dcbersetzungsb\u00fcro f\u00fcr Wirtschaft und Marketing","potentialAction":[{"@type":"SearchAction","target":{"@type":"EntryPoint","urlTemplate":"https:\/\/textraplus.eu\/?s={search_term_string}"},"query-input":{"@type":"PropertyValueSpecification","valueRequired":true,"valueName":"search_term_string"}}],"inLanguage":"en-EN"}]}},"_links":{"self":[{"href":"https:\/\/textraplus.eu\/en\/wp-json\/wp\/v2\/pages\/134\/"}],"collection":[{"href":"https:\/\/textraplus.eu\/en\/wp-json\/wp\/v2\/pages\/"}],"about":[{"href":"https:\/\/textraplus.eu\/en\/wp-json\/wp\/v2\/types\/page\/"}],"author":[{"embeddable":true,"href":"https:\/\/textraplus.eu\/en\/wp-json\/wp\/v2\/users\/6\/"}],"replies":[{"embeddable":true,"href":"https:\/\/textraplus.eu\/en\/wp-json\/wp\/v2\/comments\/?post=134"}],"version-history":[{"count":9,"href":"https:\/\/textraplus.eu\/en\/wp-json\/wp\/v2\/pages\/134\/revisions\/"}],"predecessor-version":[{"id":740,"href":"https:\/\/textraplus.eu\/en\/wp-json\/wp\/v2\/pages\/134\/revisions\/740\/"}],"wp:attachment":[{"href":"https:\/\/textraplus.eu\/en\/wp-json\/wp\/v2\/media\/?parent=134"}],"curies":[{"name":"wp","href":"https:\/\/api.w.org\/{rel}","templated":true}]}}